{"id":143,"date":"2019-02-06T10:45:03","date_gmt":"2019-02-06T09:45:03","guid":{"rendered":"http:\/\/gestuet-alpenhof.de\/wordpress\/?page_id=143"},"modified":"2019-04-25T16:52:52","modified_gmt":"2019-04-25T14:52:52","slug":"pension","status":"publish","type":"page","link":"https:\/\/gestuet-alpenhof.de\/wordpress\/?page_id=143","title":{"rendered":"Pension"},"content":{"rendered":"\t\t<div data-elementor-type=\"wp-post\" data-elementor-id=\"143\" class=\"elementor elementor-143 elementor-bc-flex-widget\">\n\t\t\t\t\t\t<section class=\"elementor-section elementor-top-section elementor-element elementor-element-74e5020c elementor-section-boxed elementor-section-height-default elementor-section-height-default\" data-id=\"74e5020c\" data-element_type=\"section\" data-e-type=\"section\">\n\t\t\t\t\t\t<div class=\"elementor-container elementor-column-gap-default\">\n\t\t\t\t\t<div class=\"elementor-column elementor-col-100 elementor-top-column elementor-element elementor-element-27a4f0e1 elementor-invisible\" data-id=\"27a4f0e1\" data-element_type=\"column\" data-e-type=\"column\" data-settings=\"{&quot;animation&quot;:&quot;fadeInUp&quot;}\">\n\t\t\t<div class=\"elementor-widget-wrap elementor-element-populated\">\n\t\t\t\t\t\t<div class=\"elementor-element elementor-element-5e0e5a20 elementor-widget elementor-widget-heading\" data-id=\"5e0e5a20\" data-element_type=\"widget\" data-e-type=\"widget\" data-widget_type=\"heading.default\">\n\t\t\t\t<div class=\"elementor-widget-container\">\n\t\t\t\t\t<h2 class=\"elementor-heading-title elementor-size-default\">Pension<\/h2>\t\t\t\t<\/div>\n\t\t\t\t<\/div>\n\t\t\t\t\t<\/div>\n\t\t<\/div>\n\t\t\t\t\t<\/div>\n\t\t<\/section>\n\t\t\t\t<section class=\"elementor-section elementor-top-section elementor-element elementor-element-606d029 elementor-section-boxed elementor-section-height-default elementor-section-height-default\" data-id=\"606d029\" data-element_type=\"section\" data-e-type=\"section\">\n\t\t\t\t\t\t<div class=\"elementor-container elementor-column-gap-default\">\n\t\t\t\t\t<div class=\"elementor-column elementor-col-100 elementor-top-column elementor-element elementor-element-3d8e2ac\" data-id=\"3d8e2ac\" data-element_type=\"column\" data-e-type=\"column\">\n\t\t\t<div class=\"elementor-widget-wrap elementor-element-populated\">\n\t\t\t\t\t\t<div class=\"elementor-element elementor-element-1955d5d elementor-widget elementor-widget-spacer\" data-id=\"1955d5d\" data-element_type=\"widget\" data-e-type=\"widget\" data-widget_type=\"spacer.default\">\n\t\t\t\t<div class=\"elementor-widget-container\">\n\t\t\t\t\t\t\t<div class=\"elementor-spacer\">\n\t\t\t<div class=\"elementor-spacer-inner\"><\/div>\n\t\t<\/div>\n\t\t\t\t\t\t<\/div>\n\t\t\t\t<\/div>\n\t\t\t\t\t<\/div>\n\t\t<\/div>\n\t\t\t\t\t<\/div>\n\t\t<\/section>\n\t\t\t\t<section class=\"elementor-section elementor-top-section elementor-element elementor-element-140b6e81 elementor-section-boxed elementor-section-height-default elementor-section-height-default\" data-id=\"140b6e81\" data-element_type=\"section\" data-e-type=\"section\">\n\t\t\t\t\t\t<div class=\"elementor-container elementor-column-gap-default\">\n\t\t\t\t\t<div class=\"elementor-column elementor-col-33 elementor-top-column elementor-element elementor-element-3617575d elementor-invisible\" data-id=\"3617575d\" data-element_type=\"column\" data-e-type=\"column\" data-settings=\"{&quot;animation&quot;:&quot;fadeInUp&quot;,&quot;background_background&quot;:&quot;classic&quot;}\">\n\t\t\t<div class=\"elementor-widget-wrap elementor-element-populated\">\n\t\t\t\t\t\t<div class=\"elementor-element elementor-element-6e4084f4 elementor-widget elementor-widget-image\" data-id=\"6e4084f4\" data-element_type=\"widget\" data-e-type=\"widget\" data-widget_type=\"image.default\">\n\t\t\t\t<div class=\"elementor-widget-container\">\n\t\t\t\t\t\t\t\t\t\t\t\t\t\t\t\t<a href=\"http:\/\/gestuet-alpenhof.de\/wordpress\/wp-content\/uploads\/2019\/02\/2d5d3fd5-56af-49d4-8a6a-94a9b1643e33.jpg\" data-elementor-open-lightbox=\"yes\" data-elementor-lightbox-title=\"2d5d3fd5-56af-49d4-8a6a-94a9b1643e33\" data-e-action-hash=\"#elementor-action%3Aaction%3Dlightbox%26settings%3DeyJpZCI6OTcsInVybCI6Imh0dHBzOlwvXC9nZXN0dWV0LWFscGVuaG9mLmRlXC93b3JkcHJlc3NcL3dwLWNvbnRlbnRcL3VwbG9hZHNcLzIwMTlcLzAyXC8yZDVkM2ZkNS01NmFmLTQ5ZDQtOGE2YS05NGE5YjE2NDNlMzMuanBnIn0%3D\">\n\t\t\t\t\t\t\t<img fetchpriority=\"high\" decoding=\"async\" width=\"1024\" height=\"768\" src=\"https:\/\/gestuet-alpenhof.de\/wordpress\/wp-content\/uploads\/2019\/02\/2d5d3fd5-56af-49d4-8a6a-94a9b1643e33-1024x768.jpg\" class=\"attachment-large size-large wp-image-97\" alt=\"\" srcset=\"https:\/\/gestuet-alpenhof.de\/wordpress\/wp-content\/uploads\/2019\/02\/2d5d3fd5-56af-49d4-8a6a-94a9b1643e33-1024x768.jpg 1024w, https:\/\/gestuet-alpenhof.de\/wordpress\/wp-content\/uploads\/2019\/02\/2d5d3fd5-56af-49d4-8a6a-94a9b1643e33-300x225.jpg 300w, https:\/\/gestuet-alpenhof.de\/wordpress\/wp-content\/uploads\/2019\/02\/2d5d3fd5-56af-49d4-8a6a-94a9b1643e33-768x576.jpg 768w, https:\/\/gestuet-alpenhof.de\/wordpress\/wp-content\/uploads\/2019\/02\/2d5d3fd5-56af-49d4-8a6a-94a9b1643e33.jpg 1600w\" sizes=\"(max-width: 1024px) 100vw, 1024px\" \/>\t\t\t\t\t\t\t\t<\/a>\n\t\t\t\t\t\t\t\t\t\t\t\t\t\t\t<\/div>\n\t\t\t\t<\/div>\n\t\t\t\t<div class=\"elementor-element elementor-element-41b6a4fd elementor-widget elementor-widget-image\" data-id=\"41b6a4fd\" data-element_type=\"widget\" data-e-type=\"widget\" data-widget_type=\"image.default\">\n\t\t\t\t<div class=\"elementor-widget-container\">\n\t\t\t\t\t\t\t\t\t\t\t\t\t\t\t\t<a href=\"http:\/\/gestuet-alpenhof.de\/wordpress\/wp-content\/uploads\/2019\/02\/2d2c7c1f-da2a-45a0-a0f0-e22f87c8486a.jpg\" data-elementor-open-lightbox=\"yes\" data-elementor-lightbox-title=\"2d2c7c1f-da2a-45a0-a0f0-e22f87c8486a\" data-e-action-hash=\"#elementor-action%3Aaction%3Dlightbox%26settings%3DeyJpZCI6OTYsInVybCI6Imh0dHBzOlwvXC9nZXN0dWV0LWFscGVuaG9mLmRlXC93b3JkcHJlc3NcL3dwLWNvbnRlbnRcL3VwbG9hZHNcLzIwMTlcLzAyXC8yZDJjN2MxZi1kYTJhLTQ1YTAtYTBmMC1lMjJmODdjODQ4NmEuanBnIn0%3D\">\n\t\t\t\t\t\t\t<img decoding=\"async\" width=\"1024\" height=\"768\" src=\"https:\/\/gestuet-alpenhof.de\/wordpress\/wp-content\/uploads\/2019\/02\/2d2c7c1f-da2a-45a0-a0f0-e22f87c8486a-1024x768.jpg\" class=\"attachment-large size-large wp-image-96\" alt=\"\" srcset=\"https:\/\/gestuet-alpenhof.de\/wordpress\/wp-content\/uploads\/2019\/02\/2d2c7c1f-da2a-45a0-a0f0-e22f87c8486a-1024x768.jpg 1024w, https:\/\/gestuet-alpenhof.de\/wordpress\/wp-content\/uploads\/2019\/02\/2d2c7c1f-da2a-45a0-a0f0-e22f87c8486a-300x225.jpg 300w, https:\/\/gestuet-alpenhof.de\/wordpress\/wp-content\/uploads\/2019\/02\/2d2c7c1f-da2a-45a0-a0f0-e22f87c8486a-768x576.jpg 768w, https:\/\/gestuet-alpenhof.de\/wordpress\/wp-content\/uploads\/2019\/02\/2d2c7c1f-da2a-45a0-a0f0-e22f87c8486a.jpg 1600w\" sizes=\"(max-width: 1024px) 100vw, 1024px\" \/>\t\t\t\t\t\t\t\t<\/a>\n\t\t\t\t\t\t\t\t\t\t\t\t\t\t\t<\/div>\n\t\t\t\t<\/div>\n\t\t\t\t<div class=\"elementor-element elementor-element-305c8bfe elementor-widget elementor-widget-image\" data-id=\"305c8bfe\" data-element_type=\"widget\" data-e-type=\"widget\" data-widget_type=\"image.default\">\n\t\t\t\t<div class=\"elementor-widget-container\">\n\t\t\t\t\t\t\t\t\t\t\t\t\t\t\t\t<a href=\"http:\/\/gestuet-alpenhof.de\/wordpress\/wp-content\/uploads\/2019\/02\/2b2d0600-e343-4916-8485-ab7de7621b88.jpg\" data-elementor-open-lightbox=\"yes\" data-elementor-lightbox-title=\"2b2d0600-e343-4916-8485-ab7de7621b88\" data-e-action-hash=\"#elementor-action%3Aaction%3Dlightbox%26settings%3DeyJpZCI6OTUsInVybCI6Imh0dHBzOlwvXC9nZXN0dWV0LWFscGVuaG9mLmRlXC93b3JkcHJlc3NcL3dwLWNvbnRlbnRcL3VwbG9hZHNcLzIwMTlcLzAyXC8yYjJkMDYwMC1lMzQzLTQ5MTYtODQ4NS1hYjdkZTc2MjFiODguanBnIn0%3D\">\n\t\t\t\t\t\t\t<img decoding=\"async\" width=\"1024\" height=\"768\" src=\"https:\/\/gestuet-alpenhof.de\/wordpress\/wp-content\/uploads\/2019\/02\/2b2d0600-e343-4916-8485-ab7de7621b88-1024x768.jpg\" class=\"attachment-large size-large wp-image-95\" alt=\"\" srcset=\"https:\/\/gestuet-alpenhof.de\/wordpress\/wp-content\/uploads\/2019\/02\/2b2d0600-e343-4916-8485-ab7de7621b88-1024x768.jpg 1024w, https:\/\/gestuet-alpenhof.de\/wordpress\/wp-content\/uploads\/2019\/02\/2b2d0600-e343-4916-8485-ab7de7621b88-300x225.jpg 300w, https:\/\/gestuet-alpenhof.de\/wordpress\/wp-content\/uploads\/2019\/02\/2b2d0600-e343-4916-8485-ab7de7621b88-768x576.jpg 768w, https:\/\/gestuet-alpenhof.de\/wordpress\/wp-content\/uploads\/2019\/02\/2b2d0600-e343-4916-8485-ab7de7621b88.jpg 1600w\" sizes=\"(max-width: 1024px) 100vw, 1024px\" \/>\t\t\t\t\t\t\t\t<\/a>\n\t\t\t\t\t\t\t\t\t\t\t\t\t\t\t<\/div>\n\t\t\t\t<\/div>\n\t\t\t\t<div class=\"elementor-element elementor-element-6bf44e00 elementor-widget elementor-widget-image\" data-id=\"6bf44e00\" data-element_type=\"widget\" data-e-type=\"widget\" data-widget_type=\"image.default\">\n\t\t\t\t<div class=\"elementor-widget-container\">\n\t\t\t\t\t\t\t\t\t\t\t\t\t\t\t\t<a href=\"http:\/\/gestuet-alpenhof.de\/wordpress\/wp-content\/uploads\/2019\/02\/52d9facc-74a5-43a4-90ac-a9fb1bd58f67.jpg\" data-elementor-open-lightbox=\"yes\" data-elementor-lightbox-title=\"52d9facc-74a5-43a4-90ac-a9fb1bd58f67\" data-e-action-hash=\"#elementor-action%3Aaction%3Dlightbox%26settings%3DeyJpZCI6MTAxLCJ1cmwiOiJodHRwczpcL1wvZ2VzdHVldC1hbHBlbmhvZi5kZVwvd29yZHByZXNzXC93cC1jb250ZW50XC91cGxvYWRzXC8yMDE5XC8wMlwvNTJkOWZhY2MtNzRhNS00M2E0LTkwYWMtYTlmYjFiZDU4ZjY3LmpwZyJ9\">\n\t\t\t\t\t\t\t<img loading=\"lazy\" decoding=\"async\" width=\"1024\" height=\"768\" src=\"https:\/\/gestuet-alpenhof.de\/wordpress\/wp-content\/uploads\/2019\/02\/52d9facc-74a5-43a4-90ac-a9fb1bd58f67-1024x768.jpg\" class=\"attachment-large size-large wp-image-101\" alt=\"\" srcset=\"https:\/\/gestuet-alpenhof.de\/wordpress\/wp-content\/uploads\/2019\/02\/52d9facc-74a5-43a4-90ac-a9fb1bd58f67-1024x768.jpg 1024w, https:\/\/gestuet-alpenhof.de\/wordpress\/wp-content\/uploads\/2019\/02\/52d9facc-74a5-43a4-90ac-a9fb1bd58f67-300x225.jpg 300w, https:\/\/gestuet-alpenhof.de\/wordpress\/wp-content\/uploads\/2019\/02\/52d9facc-74a5-43a4-90ac-a9fb1bd58f67-768x576.jpg 768w, https:\/\/gestuet-alpenhof.de\/wordpress\/wp-content\/uploads\/2019\/02\/52d9facc-74a5-43a4-90ac-a9fb1bd58f67.jpg 1600w\" sizes=\"(max-width: 1024px) 100vw, 1024px\" \/>\t\t\t\t\t\t\t\t<\/a>\n\t\t\t\t\t\t\t\t\t\t\t\t\t\t\t<\/div>\n\t\t\t\t<\/div>\n\t\t\t\t\t<\/div>\n\t\t<\/div>\n\t\t\t\t<div class=\"elementor-column elementor-col-33 elementor-top-column elementor-element elementor-element-20739a0 elementor-invisible\" data-id=\"20739a0\" data-element_type=\"column\" data-e-type=\"column\" data-settings=\"{&quot;background_background&quot;:&quot;classic&quot;,&quot;animation&quot;:&quot;fadeInUp&quot;}\">\n\t\t\t<div class=\"elementor-widget-wrap elementor-element-populated\">\n\t\t\t\t\t\t<div class=\"elementor-element elementor-element-399b3987 elementor-widget elementor-widget-text-editor\" data-id=\"399b3987\" data-element_type=\"widget\" data-e-type=\"widget\" data-widget_type=\"text-editor.default\">\n\t\t\t\t<div class=\"elementor-widget-container\">\n\t\t\t\t\t\t\t\t\t<p>In unserem Stall k\u00f6nnen wir Ihnen Boxen mit Paddock und Laufst\u00e4lle anbieten. Unsere Islandpferde leben nat\u00fcrlich im Herdenverband. Diese Haltung wird je nach Vertr\u00e4glichkeit der Pferde angestrebt.<\/p><p>Einstreu und t\u00e4gliches misten, Kraftfutter nach Leistung (wird extra berechnet), mehrfach t\u00e4gliche Kontrolle. Weidegang und\/oder Paddock nach Absprache. Die Rundumversorgung ihres Vierbeiners, inklusive Tierarzt und Hufschmiedservice.<\/p><p>Selbstverst\u00e4ndlich nehmen wir auch Hengste in Pension und ebenso haben wir ger\u00e4umige Boxen zum abfohlen, bei \u201eProblemstuten\u201c auch mit Video\u00fcberwachung.<\/p><p>F\u00fcr kranke Pferde stehen 2 Quarant\u00e4ne Boxen zur Verf\u00fcgung; und f\u00fcr den Wellness Bereich ein Laufband mit Vibrationsplatte und ein Solarium.<\/p><p>Neben einem 20 x 40 m Reitplatz, gibt es eine Reithalle mit 20 x 50 m, 300 m Ovalbahn und 300 m Pa\u00dfbahn, Longierzirkel, und im Winter ein zus\u00e4tzlicher Longierzirkel in der Halle. Nat\u00fcrlich alles beleuchtet. F\u00fcr das Training der Pferde gibt es ganzj\u00e4hrig die M\u00f6glichkeit das Virbrations-Laufband durch unser Personal zu nutzen. Hier gibt es verschiedene Trainingsprogramme, Bergtraining, Ausdauertraining oder wir schreiben ein spezielles Programm f\u00fcr Ihr Pferd, was dann Computergesteuert l\u00e4uft. Sehr empfehlenswert beim antrainieren von Jungpferden oder in der Rekonvaleszenz.<\/p><p>Jungpferde wachsen bei uns artgerecht im Herdenverband ( nach Stuten und Hengsten getrennt) auf, auf sehr gro\u00dfen Weiden wo sie sich voll entwickeln und entfalten k\u00f6nnen.<\/p>\t\t\t\t\t\t\t\t<\/div>\n\t\t\t\t<\/div>\n\t\t\t\t\t<\/div>\n\t\t<\/div>\n\t\t\t\t<div class=\"elementor-column elementor-col-33 elementor-top-column elementor-element elementor-element-1d2f5160 elementor-invisible\" data-id=\"1d2f5160\" data-element_type=\"column\" data-e-type=\"column\" data-settings=\"{&quot;animation&quot;:&quot;fadeInUp&quot;}\">\n\t\t\t<div class=\"elementor-widget-wrap elementor-element-populated\">\n\t\t\t\t\t\t<div class=\"elementor-element elementor-element-23859d74 info-button elementor-widget elementor-widget-text-editor\" data-id=\"23859d74\" data-element_type=\"widget\" data-e-type=\"widget\" data-widget_type=\"text-editor.default\">\n\t\t\t\t<div class=\"elementor-widget-container\">\n\t\t\t\t\t\t\t\t\t<p>\u00a0<\/p><p>Sie haben Fragen?<\/p><p>Gerne!<\/p><p>Rufen Sie uns an: 07562\/914314<\/p><p>oder senden Sie<br \/>uns eine e-mail<\/p><p>\u00a0<\/p>\t\t\t\t\t\t\t\t<\/div>\n\t\t\t\t<\/div>\n\t\t\t\t<div class=\"elementor-element elementor-element-6e775bf0 elementor-align-center elementor-widget elementor-widget-button\" data-id=\"6e775bf0\" data-element_type=\"widget\" data-e-type=\"widget\" data-widget_type=\"button.default\">\n\t\t\t\t<div class=\"elementor-widget-container\">\n\t\t\t\t\t\t\t\t\t<div class=\"elementor-button-wrapper\">\n\t\t\t\t\t<a class=\"elementor-button elementor-button-link elementor-size-sm\" href=\"?page_id=140\" id=\"info-button\">\n\t\t\t\t\t\t<span class=\"elementor-button-content-wrapper\">\n\t\t\t\t\t\t\t\t\t<span class=\"elementor-button-text\">Reiten<\/span>\n\t\t\t\t\t<\/span>\n\t\t\t\t\t<\/a>\n\t\t\t\t<\/div>\n\t\t\t\t\t\t\t\t<\/div>\n\t\t\t\t<\/div>\n\t\t\t\t<div class=\"elementor-element elementor-element-4f9eab39 elementor-align-center elementor-widget elementor-widget-button\" data-id=\"4f9eab39\" data-element_type=\"widget\" data-e-type=\"widget\" data-widget_type=\"button.default\">\n\t\t\t\t<div class=\"elementor-widget-container\">\n\t\t\t\t\t\t\t\t\t<div class=\"elementor-button-wrapper\">\n\t\t\t\t\t<a class=\"elementor-button elementor-size-sm\" role=\"button\" id=\"info-button\">\n\t\t\t\t\t\t<span class=\"elementor-button-content-wrapper\">\n\t\t\t\t\t\t\t\t\t<span class=\"elementor-button-text\">Pension<\/span>\n\t\t\t\t\t<\/span>\n\t\t\t\t\t<\/a>\n\t\t\t\t<\/div>\n\t\t\t\t\t\t\t\t<\/div>\n\t\t\t\t<\/div>\n\t\t\t\t<div class=\"elementor-element elementor-element-1e154c35 elementor-button-info elementor-align-center elementor-widget elementor-widget-button\" data-id=\"1e154c35\" data-element_type=\"widget\" data-e-type=\"widget\" data-widget_type=\"button.default\">\n\t\t\t\t<div class=\"elementor-widget-container\">\n\t\t\t\t\t\t\t\t\t<div class=\"elementor-button-wrapper\">\n\t\t\t\t\t<a class=\"elementor-button elementor-button-link elementor-size-sm\" href=\"?page_id=146\" id=\"info-button\">\n\t\t\t\t\t\t<span class=\"elementor-button-content-wrapper\">\n\t\t\t\t\t\t\t\t\t<span class=\"elementor-button-text\">Beritt\/<br>Training<\/span>\n\t\t\t\t\t<\/span>\n\t\t\t\t\t<\/a>\n\t\t\t\t<\/div>\n\t\t\t\t\t\t\t\t<\/div>\n\t\t\t\t<\/div>\n\t\t\t\t<div class=\"elementor-element elementor-element-1eabbec4 elementor-align-center elementor-widget elementor-widget-button\" data-id=\"1eabbec4\" data-element_type=\"widget\" data-e-type=\"widget\" data-widget_type=\"button.default\">\n\t\t\t\t<div class=\"elementor-widget-container\">\n\t\t\t\t\t\t\t\t\t<div class=\"elementor-button-wrapper\">\n\t\t\t\t\t<a class=\"elementor-button elementor-button-link elementor-size-sm\" href=\"?page_id=149\" id=\"info-button\">\n\t\t\t\t\t\t<span class=\"elementor-button-content-wrapper\">\n\t\t\t\t\t\t\t\t\t<span class=\"elementor-button-text\">Gastpferde\/<br>Wellness<\/span>\n\t\t\t\t\t<\/span>\n\t\t\t\t\t<\/a>\n\t\t\t\t<\/div>\n\t\t\t\t\t\t\t\t<\/div>\n\t\t\t\t<\/div>\n\t\t\t\t<div class=\"elementor-element elementor-element-1d8fb36b elementor-align-center elementor-widget elementor-widget-button\" data-id=\"1d8fb36b\" data-element_type=\"widget\" data-e-type=\"widget\" data-widget_type=\"button.default\">\n\t\t\t\t<div class=\"elementor-widget-container\">\n\t\t\t\t\t\t\t\t\t<div class=\"elementor-button-wrapper\">\n\t\t\t\t\t<a class=\"elementor-button elementor-button-link elementor-size-sm\" href=\"#\" id=\"info-button\">\n\t\t\t\t\t\t<span class=\"elementor-button-content-wrapper\">\n\t\t\t\t\t\t\t\t\t<span class=\"elementor-button-text\">Kontakt<\/span>\n\t\t\t\t\t<\/span>\n\t\t\t\t\t<\/a>\n\t\t\t\t<\/div>\n\t\t\t\t\t\t\t\t<\/div>\n\t\t\t\t<\/div>\n\t\t\t\t\t<\/div>\n\t\t<\/div>\n\t\t\t\t\t<\/div>\n\t\t<\/section>\n\t\t\t\t<\/div>\n\t\t","protected":false},"excerpt":{"rendered":"<p>Pension In unserem Stall k\u00f6nnen wir Ihnen Boxen mit Paddock und Laufst\u00e4lle anbieten. Unsere Islandpferde leben nat\u00fcrlich im Herdenverband. Diese Haltung wird je nach Vertr\u00e4glichkeit der Pferde angestrebt. Einstreu und t\u00e4gliches misten, Kraftfutter nach Leistung (wird extra berechnet), mehrfach t\u00e4gliche Kontrolle. Weidegang und\/oder Paddock nach Absprache. Die Rundumversorgung ihres Vierbeiners, inklusive Tierarzt und Hufschmiedservice. Selbstverst\u00e4ndlich [&hellip;]<\/p>\n","protected":false},"author":1,"featured_media":23,"parent":0,"menu_order":0,"comment_status":"closed","ping_status":"closed","template":"","meta":{"footnotes":""},"class_list":["post-143","page","type-page","status-publish","has-post-thumbnail","hentry"],"_links":{"self":[{"href":"https:\/\/gestuet-alpenhof.de\/wordpress\/index.php?rest_route=\/wp\/v2\/pages\/143","targetHints":{"allow":["GET"]}}],"collection":[{"href":"https:\/\/gestuet-alpenhof.de\/wordpress\/index.php?rest_route=\/wp\/v2\/pages"}],"about":[{"href":"https:\/\/gestuet-alpenhof.de\/wordpress\/index.php?rest_route=\/wp\/v2\/types\/page"}],"author":[{"embeddable":true,"href":"https:\/\/gestuet-alpenhof.de\/wordpress\/index.php?rest_route=\/wp\/v2\/users\/1"}],"replies":[{"embeddable":true,"href":"https:\/\/gestuet-alpenhof.de\/wordpress\/index.php?rest_route=%2Fwp%2Fv2%2Fcomments&post=143"}],"version-history":[{"count":6,"href":"https:\/\/gestuet-alpenhof.de\/wordpress\/index.php?rest_route=\/wp\/v2\/pages\/143\/revisions"}],"predecessor-version":[{"id":506,"href":"https:\/\/gestuet-alpenhof.de\/wordpress\/index.php?rest_route=\/wp\/v2\/pages\/143\/revisions\/506"}],"wp:featuredmedia":[{"embeddable":true,"href":"https:\/\/gestuet-alpenhof.de\/wordpress\/index.php?rest_route=\/wp\/v2\/media\/23"}],"wp:attachment":[{"href":"https:\/\/gestuet-alpenhof.de\/wordpress\/index.php?rest_route=%2Fwp%2Fv2%2Fmedia&parent=143"}],"curies":[{"name":"wp","href":"https:\/\/api.w.org\/{rel}","templated":true}]}}