{"id":8,"date":"2019-01-28T10:09:55","date_gmt":"2019-01-28T09:09:55","guid":{"rendered":"http:\/\/gestuet-alpenhof.de\/wordpress\/?page_id=8"},"modified":"2022-10-28T15:48:39","modified_gmt":"2022-10-28T13:48:39","slug":"home","status":"publish","type":"page","link":"https:\/\/gestuet-alpenhof.de\/wordpress\/","title":{"rendered":"Home"},"content":{"rendered":"\t\t<div data-elementor-type=\"wp-post\" data-elementor-id=\"8\" class=\"elementor elementor-8\">\n\t\t\t\t\t\t<section class=\"elementor-section elementor-top-section elementor-element elementor-element-543b67d elementor-section-boxed elementor-section-height-default elementor-section-height-default\" data-id=\"543b67d\" data-element_type=\"section\" data-e-type=\"section\">\n\t\t\t\t\t\t<div class=\"elementor-container elementor-column-gap-default\">\n\t\t\t\t\t<div class=\"elementor-column elementor-col-100 elementor-top-column elementor-element elementor-element-ee19f97\" data-id=\"ee19f97\" data-element_type=\"column\" data-e-type=\"column\">\n\t\t\t<div class=\"elementor-widget-wrap elementor-element-populated\">\n\t\t\t\t\t\t<div class=\"elementor-element elementor-element-a5fb3ff elementor-widget elementor-widget-spacer\" data-id=\"a5fb3ff\" data-element_type=\"widget\" data-e-type=\"widget\" data-widget_type=\"spacer.default\">\n\t\t\t\t<div class=\"elementor-widget-container\">\n\t\t\t\t\t\t\t<div class=\"elementor-spacer\">\n\t\t\t<div class=\"elementor-spacer-inner\"><\/div>\n\t\t<\/div>\n\t\t\t\t\t\t<\/div>\n\t\t\t\t<\/div>\n\t\t\t\t\t<\/div>\n\t\t<\/div>\n\t\t\t\t\t<\/div>\n\t\t<\/section>\n\t\t\t\t<section class=\"elementor-section elementor-top-section elementor-element elementor-element-cee5061 elementor-section-boxed elementor-section-height-default elementor-section-height-default\" data-id=\"cee5061\" data-element_type=\"section\" data-e-type=\"section\">\n\t\t\t\t\t\t<div class=\"elementor-container elementor-column-gap-default\">\n\t\t\t\t\t<div class=\"elementor-column elementor-col-100 elementor-top-column elementor-element elementor-element-9bd6681 elementor-invisible\" data-id=\"9bd6681\" data-element_type=\"column\" data-e-type=\"column\" data-settings=\"{&quot;animation&quot;:&quot;fadeInUp&quot;}\">\n\t\t\t<div class=\"elementor-widget-wrap elementor-element-populated\">\n\t\t\t\t\t\t<div class=\"elementor-element elementor-element-17603e7 elementor-invisible elementor-widget elementor-widget-heading\" data-id=\"17603e7\" data-element_type=\"widget\" data-e-type=\"widget\" data-settings=\"{&quot;_animation&quot;:&quot;fadeInUp&quot;}\" data-widget_type=\"heading.default\">\n\t\t\t\t<div class=\"elementor-widget-container\">\n\t\t\t\t\t<h2 class=\"elementor-heading-title elementor-size-default\">Willkommen beim Gest\u00fct Alpenhof<\/h2>\t\t\t\t<\/div>\n\t\t\t\t<\/div>\n\t\t\t\t\t<\/div>\n\t\t<\/div>\n\t\t\t\t\t<\/div>\n\t\t<\/section>\n\t\t\t\t<section class=\"elementor-section elementor-top-section elementor-element elementor-element-1bb8b95 elementor-section-boxed elementor-section-height-default elementor-section-height-default\" data-id=\"1bb8b95\" data-element_type=\"section\" data-e-type=\"section\">\n\t\t\t\t\t\t<div class=\"elementor-container elementor-column-gap-default\">\n\t\t\t\t\t<div class=\"elementor-column elementor-col-100 elementor-top-column elementor-element elementor-element-1cde374 elementor-invisible\" data-id=\"1cde374\" data-element_type=\"column\" data-e-type=\"column\" data-settings=\"{&quot;animation&quot;:&quot;fadeInUp&quot;}\">\n\t\t\t<div class=\"elementor-widget-wrap elementor-element-populated\">\n\t\t\t\t\t\t<div class=\"elementor-element elementor-element-751c95a elementor-invisible elementor-widget elementor-widget-heading\" data-id=\"751c95a\" data-element_type=\"widget\" data-e-type=\"widget\" data-settings=\"{&quot;_animation&quot;:&quot;fadeInUp&quot;}\" data-widget_type=\"heading.default\">\n\t\t\t\t<div class=\"elementor-widget-container\">\n\t\t\t\t\t<h2 class=\"elementor-heading-title elementor-size-default\">ein St\u00fcck Island mitten im Allg\u00e4u<\/h2>\t\t\t\t<\/div>\n\t\t\t\t<\/div>\n\t\t\t\t\t<\/div>\n\t\t<\/div>\n\t\t\t\t\t<\/div>\n\t\t<\/section>\n\t\t\t\t<section class=\"elementor-section elementor-top-section elementor-element elementor-element-c058e54 elementor-section-boxed elementor-section-height-default elementor-section-height-default\" data-id=\"c058e54\" data-element_type=\"section\" data-e-type=\"section\">\n\t\t\t\t\t\t<div class=\"elementor-container elementor-column-gap-default\">\n\t\t\t\t\t<div class=\"elementor-column elementor-col-100 elementor-top-column elementor-element elementor-element-74a5eeb\" data-id=\"74a5eeb\" data-element_type=\"column\" data-e-type=\"column\">\n\t\t\t<div class=\"elementor-widget-wrap elementor-element-populated\">\n\t\t\t\t\t\t<div class=\"elementor-element elementor-element-4fb02b4 elementor-widget elementor-widget-spacer\" data-id=\"4fb02b4\" data-element_type=\"widget\" data-e-type=\"widget\" data-widget_type=\"spacer.default\">\n\t\t\t\t<div class=\"elementor-widget-container\">\n\t\t\t\t\t\t\t<div class=\"elementor-spacer\">\n\t\t\t<div class=\"elementor-spacer-inner\"><\/div>\n\t\t<\/div>\n\t\t\t\t\t\t<\/div>\n\t\t\t\t<\/div>\n\t\t\t\t\t<\/div>\n\t\t<\/div>\n\t\t\t\t\t<\/div>\n\t\t<\/section>\n\t\t\t\t<section class=\"elementor-section elementor-top-section elementor-element elementor-element-2614f65 elementor-section-boxed elementor-section-height-default elementor-section-height-default\" data-id=\"2614f65\" data-element_type=\"section\" data-e-type=\"section\">\n\t\t\t\t\t\t<div class=\"elementor-container elementor-column-gap-default\">\n\t\t\t\t\t<div class=\"elementor-column elementor-col-100 elementor-top-column elementor-element elementor-element-1068fd1\" data-id=\"1068fd1\" data-element_type=\"column\" data-e-type=\"column\" data-settings=\"{&quot;background_background&quot;:&quot;classic&quot;}\">\n\t\t\t<div class=\"elementor-widget-wrap elementor-element-populated\">\n\t\t\t\t\t\t<section class=\"elementor-section elementor-inner-section elementor-element elementor-element-2adf2c0 elementor-section-boxed elementor-section-height-default elementor-section-height-default\" data-id=\"2adf2c0\" data-element_type=\"section\" data-e-type=\"section\">\n\t\t\t\t\t\t<div class=\"elementor-container elementor-column-gap-default\">\n\t\t\t\t\t<div class=\"elementor-column elementor-col-33 elementor-inner-column elementor-element elementor-element-75e484f\" data-id=\"75e484f\" data-element_type=\"column\" data-e-type=\"column\">\n\t\t\t<div class=\"elementor-widget-wrap\">\n\t\t\t\t\t\t\t<\/div>\n\t\t<\/div>\n\t\t\t\t<div class=\"elementor-column elementor-col-33 elementor-inner-column elementor-element elementor-element-0021b61\" data-id=\"0021b61\" data-element_type=\"column\" data-e-type=\"column\">\n\t\t\t<div class=\"elementor-widget-wrap elementor-element-populated\">\n\t\t\t\t\t\t<div class=\"elementor-element elementor-element-1260bdc elementor-widget elementor-widget-video\" data-id=\"1260bdc\" data-element_type=\"widget\" data-e-type=\"widget\" data-settings=\"{&quot;video_type&quot;:&quot;hosted&quot;,&quot;autoplay&quot;:&quot;yes&quot;,&quot;mute&quot;:&quot;yes&quot;}\" data-widget_type=\"video.default\">\n\t\t\t\t<div class=\"elementor-widget-container\">\n\t\t\t\t\t\t\t<div class=\"e-hosted-video elementor-wrapper elementor-open-inline\">\n\t\t\t\t\t<video class=\"elementor-video\" src=\"https:\/\/gestuet-alpenhof.de\/wordpress\/wp-content\/uploads\/2022\/10\/Gestuet_Alpenhof.mp4\" autoplay=\"\" muted=\"muted\" controlsList=\"nodownload\"><\/video>\n\t\t\t\t<\/div>\n\t\t\t\t\t\t<\/div>\n\t\t\t\t<\/div>\n\t\t\t\t\t<\/div>\n\t\t<\/div>\n\t\t\t\t<div class=\"elementor-column elementor-col-33 elementor-inner-column elementor-element elementor-element-10ec870\" data-id=\"10ec870\" data-element_type=\"column\" data-e-type=\"column\">\n\t\t\t<div class=\"elementor-widget-wrap\">\n\t\t\t\t\t\t\t<\/div>\n\t\t<\/div>\n\t\t\t\t\t<\/div>\n\t\t<\/section>\n\t\t\t\t\t<\/div>\n\t\t<\/div>\n\t\t\t\t\t<\/div>\n\t\t<\/section>\n\t\t\t\t<section class=\"elementor-section elementor-top-section elementor-element elementor-element-75e8738 elementor-section-boxed elementor-section-height-default elementor-section-height-default\" data-id=\"75e8738\" data-element_type=\"section\" data-e-type=\"section\">\n\t\t\t\t\t\t<div class=\"elementor-container elementor-column-gap-default\">\n\t\t\t\t\t<div class=\"elementor-column elementor-col-100 elementor-top-column elementor-element elementor-element-c36b2f4\" data-id=\"c36b2f4\" data-element_type=\"column\" data-e-type=\"column\">\n\t\t\t<div class=\"elementor-widget-wrap elementor-element-populated\">\n\t\t\t\t\t\t<div class=\"elementor-element elementor-element-8e5f236 elementor-widget elementor-widget-spacer\" data-id=\"8e5f236\" data-element_type=\"widget\" data-e-type=\"widget\" data-widget_type=\"spacer.default\">\n\t\t\t\t<div class=\"elementor-widget-container\">\n\t\t\t\t\t\t\t<div class=\"elementor-spacer\">\n\t\t\t<div class=\"elementor-spacer-inner\"><\/div>\n\t\t<\/div>\n\t\t\t\t\t\t<\/div>\n\t\t\t\t<\/div>\n\t\t\t\t\t<\/div>\n\t\t<\/div>\n\t\t\t\t\t<\/div>\n\t\t<\/section>\n\t\t\t\t<section class=\"elementor-section elementor-top-section elementor-element elementor-element-d1ab313 elementor-section-boxed elementor-section-height-default elementor-section-height-default\" data-id=\"d1ab313\" data-element_type=\"section\" data-e-type=\"section\">\n\t\t\t\t\t\t<div class=\"elementor-container elementor-column-gap-default\">\n\t\t\t\t\t<div class=\"elementor-column elementor-col-100 elementor-top-column elementor-element elementor-element-9978393 elementor-invisible\" data-id=\"9978393\" data-element_type=\"column\" data-e-type=\"column\" data-settings=\"{&quot;animation&quot;:&quot;fadeInUp&quot;,&quot;background_background&quot;:&quot;classic&quot;}\">\n\t\t\t<div class=\"elementor-widget-wrap elementor-element-populated\">\n\t\t\t\t\t\t<div class=\"elementor-element elementor-element-e47714b elementor-widget elementor-widget-text-editor\" data-id=\"e47714b\" data-element_type=\"widget\" data-e-type=\"widget\" data-widget_type=\"text-editor.default\">\n\t\t\t\t<div class=\"elementor-widget-container\">\n\t\t\t\t\t\t\t\t\t<p>Gro\u00dfe Weiden, artgerechte Haltung, weitl\u00e4ufiges Ausreitgel\u00e4nde mit gutem Blick vom Voralpenland bis fast zum Bodensee (nat\u00fcrlich nur bei wirklich gutem Wetter), gepaart mit Kompetenz die Ihres Gleichen sucht \u2013 das findet man am Alpenhof.<\/p><p>Naturnahe Pferdehaltung, F\u00fctterung aus selber erwirtschafteten Heu von unseren Bergweiden, frisches Quellwasser, diverse Offenst\u00e4lle, Laufst\u00e4llen und \u00a0Paddockboxen, dazu verantwortungsvolle, beste Pflege. Dazu kommt Betreuung und Unterricht und Training von Fachpersonal, und ganz wichtig: Immer ein offenes Ohr f\u00fcr alle Zwei- und Vierbeiner.<\/p><p>\u00a0<\/p><p>Termine \/ Reitstunden nur nach Vereinbarung.<\/p><p><em><strong>Verkaufspferde Termine ausschlie\u00dflich nur nach Vereinbarung.<\/strong><\/em><\/p><p><strong><em>Es bleibt wie folgt bestehen:<br \/><\/em><\/strong><\/p><p><strong><em>Tragen von Reithandschuhen beim Betreten des Hofes. Zuschauer bei Reitkursen\/Reitstunden zahlen prinzipiell 50 % des Kurspreises\/der Stunde. (passive Reitstunde)<br \/><\/em><\/strong><\/p><p>Bitte achten Sie auf Ihre uns unsere Gesundheit, und nehmen sie Ihre Reitstunde oder Termin nur war wenn sie gesund sind.<\/p><p><strong><em>\u00a0<\/em><\/strong><\/p>\t\t\t\t\t\t\t\t<\/div>\n\t\t\t\t<\/div>\n\t\t\t\t\t<\/div>\n\t\t<\/div>\n\t\t\t\t\t<\/div>\n\t\t<\/section>\n\t\t\t\t<\/div>\n\t\t","protected":false},"excerpt":{"rendered":"<p>Willkommen beim Gest\u00fct Alpenhof ein St\u00fcck Island mitten im Allg\u00e4u https:\/\/gestuet-alpenhof.de\/wordpress\/wp-content\/uploads\/2022\/10\/Gestuet_Alpenhof.mp4 Gro\u00dfe Weiden, artgerechte Haltung, weitl\u00e4ufiges Ausreitgel\u00e4nde mit gutem Blick vom Voralpenland bis fast zum Bodensee (nat\u00fcrlich nur bei wirklich gutem Wetter), gepaart mit Kompetenz die Ihres Gleichen sucht \u2013 das findet man am Alpenhof. Naturnahe Pferdehaltung, F\u00fctterung aus selber erwirtschafteten Heu von unseren Bergweiden, [&hellip;]<\/p>\n","protected":false},"author":1,"featured_media":23,"parent":0,"menu_order":0,"comment_status":"closed","ping_status":"closed","template":"","meta":{"footnotes":""},"class_list":["post-8","page","type-page","status-publish","has-post-thumbnail","hentry"],"_links":{"self":[{"href":"https:\/\/gestuet-alpenhof.de\/wordpress\/index.php?rest_route=\/wp\/v2\/pages\/8","targetHints":{"allow":["GET"]}}],"collection":[{"href":"https:\/\/gestuet-alpenhof.de\/wordpress\/index.php?rest_route=\/wp\/v2\/pages"}],"about":[{"href":"https:\/\/gestuet-alpenhof.de\/wordpress\/index.php?rest_route=\/wp\/v2\/types\/page"}],"author":[{"embeddable":true,"href":"https:\/\/gestuet-alpenhof.de\/wordpress\/index.php?rest_route=\/wp\/v2\/users\/1"}],"replies":[{"embeddable":true,"href":"https:\/\/gestuet-alpenhof.de\/wordpress\/index.php?rest_route=%2Fwp%2Fv2%2Fcomments&post=8"}],"version-history":[{"count":203,"href":"https:\/\/gestuet-alpenhof.de\/wordpress\/index.php?rest_route=\/wp\/v2\/pages\/8\/revisions"}],"predecessor-version":[{"id":917,"href":"https:\/\/gestuet-alpenhof.de\/wordpress\/index.php?rest_route=\/wp\/v2\/pages\/8\/revisions\/917"}],"wp:featuredmedia":[{"embeddable":true,"href":"https:\/\/gestuet-alpenhof.de\/wordpress\/index.php?rest_route=\/wp\/v2\/media\/23"}],"wp:attachment":[{"href":"https:\/\/gestuet-alpenhof.de\/wordpress\/index.php?rest_route=%2Fwp%2Fv2%2Fmedia&parent=8"}],"curies":[{"name":"wp","href":"https:\/\/api.w.org\/{rel}","templated":true}]}}